{"id":1054,"date":"2023-08-13T07:31:54","date_gmt":"2023-08-13T05:31:54","guid":{"rendered":"https:\/\/alenadudekova.sk\/?page_id=1054"},"modified":"2023-08-13T07:37:43","modified_gmt":"2023-08-13T05:37:43","slug":"starostka-obce-povina","status":"publish","type":"page","link":"https:\/\/alenadudekova.sk\/?page_id=1054","title":{"rendered":"Starostka obce Povina"},"content":{"rendered":"\n<h3 class=\"wp-block-heading\"><a href=\"https:\/\/obec-povina.sk\/\" target=\"_blank\" rel=\"noreferrer noopener\">Ofici\u00e1lna str\u00e1nka obce Povina<\/a><\/h3>\n\n\n\n<hr class=\"wp-block-separator has-alpha-channel-opacity\"\/>\n\n\n\n<h2 class=\"wp-block-heading has-vivid-green-cyan-color has-text-color\">Videogal\u00e9ria<\/h2>\n\n\n\n<figure class=\"wp-block-video\"><video controls src=\"https:\/\/alenadudekova.sk\/wp-content\/uploads\/2023\/08\/IMG_3302.mov\"><\/video><\/figure>\n\n\n\n<figure class=\"wp-block-video\"><video controls src=\"https:\/\/alenadudekova.sk\/wp-content\/uploads\/2023\/08\/IMG_8134.mov\"><\/video><\/figure>\n\n\n\n<figure class=\"wp-block-video\"><video controls src=\"https:\/\/alenadudekova.sk\/wp-content\/uploads\/2023\/08\/IMG_0598.mov\"><\/video><\/figure>\n\n\n\n<figure class=\"wp-block-video\"><video controls src=\"https:\/\/alenadudekova.sk\/wp-content\/uploads\/2023\/08\/dudekova_nedostatocne_financovanie_materskych_skol.mp4\"><\/video><\/figure>\n","protected":false},"excerpt":{"rendered":"<p>Ofici\u00e1lna str\u00e1nka obce Povina Videogal\u00e9ria<\/p>\n","protected":false},"author":4,"featured_media":0,"parent":13,"menu_order":0,"comment_status":"closed","ping_status":"closed","template":"templates\/page-fullwidth_template.php","meta":{"_exactmetrics_skip_tracking":false,"_exactmetrics_sitenote_active":false,"_exactmetrics_sitenote_note":"","_exactmetrics_sitenote_category":0,"footnotes":""},"class_list":["post-1054","page","type-page","status-publish","hentry"],"_links":{"self":[{"href":"https:\/\/alenadudekova.sk\/index.php?rest_route=\/wp\/v2\/pages\/1054","targetHints":{"allow":["GET"]}}],"collection":[{"href":"https:\/\/alenadudekova.sk\/index.php?rest_route=\/wp\/v2\/pages"}],"about":[{"href":"https:\/\/alenadudekova.sk\/index.php?rest_route=\/wp\/v2\/types\/page"}],"author":[{"embeddable":true,"href":"https:\/\/alenadudekova.sk\/index.php?rest_route=\/wp\/v2\/users\/4"}],"replies":[{"embeddable":true,"href":"https:\/\/alenadudekova.sk\/index.php?rest_route=%2Fwp%2Fv2%2Fcomments&post=1054"}],"version-history":[{"count":3,"href":"https:\/\/alenadudekova.sk\/index.php?rest_route=\/wp\/v2\/pages\/1054\/revisions"}],"predecessor-version":[{"id":1065,"href":"https:\/\/alenadudekova.sk\/index.php?rest_route=\/wp\/v2\/pages\/1054\/revisions\/1065"}],"up":[{"embeddable":true,"href":"https:\/\/alenadudekova.sk\/index.php?rest_route=\/wp\/v2\/pages\/13"}],"wp:attachment":[{"href":"https:\/\/alenadudekova.sk\/index.php?rest_route=%2Fwp%2Fv2%2Fmedia&parent=1054"}],"curies":[{"name":"wp","href":"https:\/\/api.w.org\/{rel}","templated":true}]}}